{"id":63,"date":"2020-03-29T22:49:08","date_gmt":"2020-03-29T20:49:08","guid":{"rendered":"https:\/\/www.gynmt.sk\/?page_id=63"},"modified":"2026-04-07T07:09:18","modified_gmt":"2026-04-07T05:09:18","slug":"ordinacne-hodiny","status":"publish","type":"page","link":"https:\/\/www.gynmt.sk\/?page_id=63","title":{"rendered":"Ordina\u010dn\u00e9 hodiny"},"content":{"rendered":"\n<p class=\"has-vivid-red-color has-text-color has-link-color wp-elements-d665ef6e40717e09070105511f2fd7e8\">V\u00e1\u017een\u00e9 pacientky, na\u0161a ambulancia bude od 2.4.2026 do 7.4.2026 vr\u00e1tane, zatvoren\u00e1 z d\u00f4vodu dovolenky, zastupuje KOCH Partiz\u00e1nska 27, Bratislava.<\/p>\n\n\n\n<p class=\"has-vivid-red-color has-text-color has-link-color wp-elements-01fe4799dfb890a2af184c1455cba961\"><table class=\"opening-hours\">\r\n\t<tr class=\"day pondelok past weekday\">\r\n\t\t<th class=\"day-name\">Pondelok:<\/th>\r\n\t\t<td class=\"hours\">7.00 \u2013 15.00<\/td>\r\n\t<\/tr>\r\n\t<tr class=\"day utorok today weekday\">\r\n\t\t<th class=\"day-name\">Utorok:<\/th>\r\n\t\t<td class=\"hours\">7.00 \u2013 17.00<\/td>\r\n\t<\/tr>\r\n\t<tr class=\"day streda tomorrow future weekday\">\r\n\t\t<th class=\"day-name\">Streda:<\/th>\r\n\t\t<td class=\"hours\">7.00 \u2013 15.00<\/td>\r\n\t<\/tr>\r\n\t<tr class=\"day --tvrtok future weekday\">\r\n\t\t<th class=\"day-name\">\u0161tvrtok:<\/th>\r\n\t\t<td class=\"hours\">7.00 \u2013 12.30<\/td>\r\n\t<\/tr>\r\n\t<tr class=\"day piatok future weekday closed\">\r\n\t\t<th class=\"day-name\">Piatok:<\/th>\r\n\t\t<td class=\"hours\">Neordinujeme<\/td>\r\n\t<\/tr>\r\n\t<tr class=\"day sobota future weekend closed\">\r\n\t\t<th class=\"day-name\">Sobota:<\/th>\r\n\t\t<td class=\"hours\">Neordinujeme<\/td>\r\n\t<\/tr>\r\n\t<tr class=\"day nede--a future weekend closed\">\r\n\t\t<th class=\"day-name\">Nede\u013ea:<\/th>\r\n\t\t<td class=\"hours\">Neordinujeme<\/td>\r\n\t<\/tr>\r\n<\/table>\r\n<\/p>\n\n\n\n<p class=\"has-vivid-red-color has-text-color\">Prij\u00edmame nov\u00e9 pacientky<br>Bez objednania berieme iba ak\u00fatne stavy<\/p>\n\n\n\n<p class=\"has-vivid-cyan-blue-color has-text-color has-medium-font-size\">Objednanie sa na vy\u0161etrenie<\/p>\n\n\n\n<p>telefonicky: +421 910 191 116<br>@: <a href=\"mailto:recepcia@gynmt.sk\">recepcia@gynmt.sk<\/a><\/p>\n\n\n<p><!--EndFragment--><\/p>","protected":false},"excerpt":{"rendered":"<p>V\u00e1\u017een\u00e9 pacientky, na\u0161a ambulancia bude od 2.4.2026 do 7.4.2026 vr\u00e1tane, zatvoren\u00e1 z d\u00f4vodu dovolenky, zastupuje KOCH Partiz\u00e1nska 27, Bratislava. Prij\u00edmame nov\u00e9 pacientkyBez objednania berieme iba ak\u00fatne stavy Objednanie sa na vy\u0161etrenie telefonicky: +421 910 191 116@: recepcia@gynmt.sk<\/p>\n","protected":false},"author":1,"featured_media":0,"parent":0,"menu_order":0,"comment_status":"closed","ping_status":"closed","template":"","meta":{"_monsterinsights_skip_tracking":false,"_monsterinsights_sitenote_active":false,"_monsterinsights_sitenote_note":"","_monsterinsights_sitenote_category":0,"footnotes":""},"class_list":["post-63","page","type-page","status-publish","hentry"],"yoast_head":"<!-- This site is optimized with the Yoast SEO plugin v22.1 - https:\/\/yoast.com\/wordpress\/plugins\/seo\/ -->\n<title>Ordina\u010dn\u00e9 hodiny - Gynekologick\u00e1 ambulancia MUDr. T\u00f6k\u00f6lyovej<\/title>\n<meta name=\"robots\" content=\"index, follow, max-snippet:-1, max-image-preview:large, max-video-preview:-1\" \/>\n<link rel=\"canonical\" href=\"https:\/\/www.gynmt.sk\/?page_id=63\" \/>\n<meta property=\"og:locale\" content=\"sk_SK\" \/>\n<meta property=\"og:type\" content=\"article\" \/>\n<meta property=\"og:title\" content=\"Ordina\u010dn\u00e9 hodiny - Gynekologick\u00e1 ambulancia MUDr. T\u00f6k\u00f6lyovej\" \/>\n<meta property=\"og:description\" content=\"V\u00e1\u017een\u00e9 pacientky, na\u0161a ambulancia bude od 2.4.2026 do 7.4.2026 vr\u00e1tane, zatvoren\u00e1 z d\u00f4vodu dovolenky, zastupuje KOCH Partiz\u00e1nska 27, Bratislava. Prij\u00edmame nov\u00e9 pacientkyBez objednania berieme iba ak\u00fatne stavy Objednanie sa na vy\u0161etrenie telefonicky: +421 910 191 116@: recepcia@gynmt.sk\" \/>\n<meta property=\"og:url\" content=\"https:\/\/www.gynmt.sk\/?page_id=63\" \/>\n<meta property=\"og:site_name\" content=\"Gynekologick\u00e1 ambulancia MUDr. T\u00f6k\u00f6lyovej\" \/>\n<meta property=\"article:modified_time\" content=\"2026-04-07T05:09:18+00:00\" \/>\n<meta name=\"twitter:card\" content=\"summary_large_image\" \/>\n<meta name=\"twitter:label1\" content=\"Predpokladan\u00fd \u010das \u010d\u00edtania\" \/>\n\t<meta name=\"twitter:data1\" content=\"1 min\u00fata\" \/>\n<script type=\"application\/ld+json\" class=\"yoast-schema-graph\">{\"@context\":\"https:\/\/schema.org\",\"@graph\":[{\"@type\":\"WebPage\",\"@id\":\"https:\/\/www.gynmt.sk\/?page_id=63\",\"url\":\"https:\/\/www.gynmt.sk\/?page_id=63\",\"name\":\"Ordina\u010dn\u00e9 hodiny - Gynekologick\u00e1 ambulancia MUDr. T\u00f6k\u00f6lyovej\",\"isPartOf\":{\"@id\":\"https:\/\/www.gynmt.sk\/#website\"},\"datePublished\":\"2020-03-29T20:49:08+00:00\",\"dateModified\":\"2026-04-07T05:09:18+00:00\",\"breadcrumb\":{\"@id\":\"https:\/\/www.gynmt.sk\/?page_id=63#breadcrumb\"},\"inLanguage\":\"sk-SK\",\"potentialAction\":[{\"@type\":\"ReadAction\",\"target\":[\"https:\/\/www.gynmt.sk\/?page_id=63\"]}]},{\"@type\":\"BreadcrumbList\",\"@id\":\"https:\/\/www.gynmt.sk\/?page_id=63#breadcrumb\",\"itemListElement\":[{\"@type\":\"ListItem\",\"position\":1,\"name\":\"Home\",\"item\":\"https:\/\/www.gynmt.sk\/\"},{\"@type\":\"ListItem\",\"position\":2,\"name\":\"Ordina\u010dn\u00e9 hodiny\"}]},{\"@type\":\"WebSite\",\"@id\":\"https:\/\/www.gynmt.sk\/#website\",\"url\":\"https:\/\/www.gynmt.sk\/\",\"name\":\"Gynekologick\u00e1 ambulancia MUDr. T\u00f6k\u00f6lyovej\",\"description\":\"GYN MT s.r.o.\",\"potentialAction\":[{\"@type\":\"SearchAction\",\"target\":{\"@type\":\"EntryPoint\",\"urlTemplate\":\"https:\/\/www.gynmt.sk\/?s={search_term_string}\"},\"query-input\":\"required name=search_term_string\"}],\"inLanguage\":\"sk-SK\"}]}<\/script>\n<!-- \/ Yoast SEO plugin. -->","yoast_head_json":{"title":"Ordina\u010dn\u00e9 hodiny - Gynekologick\u00e1 ambulancia MUDr. T\u00f6k\u00f6lyovej","robots":{"index":"index","follow":"follow","max-snippet":"max-snippet:-1","max-image-preview":"max-image-preview:large","max-video-preview":"max-video-preview:-1"},"canonical":"https:\/\/www.gynmt.sk\/?page_id=63","og_locale":"sk_SK","og_type":"article","og_title":"Ordina\u010dn\u00e9 hodiny - Gynekologick\u00e1 ambulancia MUDr. T\u00f6k\u00f6lyovej","og_description":"V\u00e1\u017een\u00e9 pacientky, na\u0161a ambulancia bude od 2.4.2026 do 7.4.2026 vr\u00e1tane, zatvoren\u00e1 z d\u00f4vodu dovolenky, zastupuje KOCH Partiz\u00e1nska 27, Bratislava. Prij\u00edmame nov\u00e9 pacientkyBez objednania berieme iba ak\u00fatne stavy Objednanie sa na vy\u0161etrenie telefonicky: +421 910 191 116@: recepcia@gynmt.sk","og_url":"https:\/\/www.gynmt.sk\/?page_id=63","og_site_name":"Gynekologick\u00e1 ambulancia MUDr. T\u00f6k\u00f6lyovej","article_modified_time":"2026-04-07T05:09:18+00:00","twitter_card":"summary_large_image","twitter_misc":{"Predpokladan\u00fd \u010das \u010d\u00edtania":"1 min\u00fata"},"schema":{"@context":"https:\/\/schema.org","@graph":[{"@type":"WebPage","@id":"https:\/\/www.gynmt.sk\/?page_id=63","url":"https:\/\/www.gynmt.sk\/?page_id=63","name":"Ordina\u010dn\u00e9 hodiny - Gynekologick\u00e1 ambulancia MUDr. T\u00f6k\u00f6lyovej","isPartOf":{"@id":"https:\/\/www.gynmt.sk\/#website"},"datePublished":"2020-03-29T20:49:08+00:00","dateModified":"2026-04-07T05:09:18+00:00","breadcrumb":{"@id":"https:\/\/www.gynmt.sk\/?page_id=63#breadcrumb"},"inLanguage":"sk-SK","potentialAction":[{"@type":"ReadAction","target":["https:\/\/www.gynmt.sk\/?page_id=63"]}]},{"@type":"BreadcrumbList","@id":"https:\/\/www.gynmt.sk\/?page_id=63#breadcrumb","itemListElement":[{"@type":"ListItem","position":1,"name":"Home","item":"https:\/\/www.gynmt.sk\/"},{"@type":"ListItem","position":2,"name":"Ordina\u010dn\u00e9 hodiny"}]},{"@type":"WebSite","@id":"https:\/\/www.gynmt.sk\/#website","url":"https:\/\/www.gynmt.sk\/","name":"Gynekologick\u00e1 ambulancia MUDr. T\u00f6k\u00f6lyovej","description":"GYN MT s.r.o.","potentialAction":[{"@type":"SearchAction","target":{"@type":"EntryPoint","urlTemplate":"https:\/\/www.gynmt.sk\/?s={search_term_string}"},"query-input":"required name=search_term_string"}],"inLanguage":"sk-SK"}]}},"_links":{"self":[{"href":"https:\/\/www.gynmt.sk\/index.php?rest_route=\/wp\/v2\/pages\/63","targetHints":{"allow":["GET"]}}],"collection":[{"href":"https:\/\/www.gynmt.sk\/index.php?rest_route=\/wp\/v2\/pages"}],"about":[{"href":"https:\/\/www.gynmt.sk\/index.php?rest_route=\/wp\/v2\/types\/page"}],"author":[{"embeddable":true,"href":"https:\/\/www.gynmt.sk\/index.php?rest_route=\/wp\/v2\/users\/1"}],"replies":[{"embeddable":true,"href":"https:\/\/www.gynmt.sk\/index.php?rest_route=%2Fwp%2Fv2%2Fcomments&post=63"}],"version-history":[{"count":6,"href":"https:\/\/www.gynmt.sk\/index.php?rest_route=\/wp\/v2\/pages\/63\/revisions"}],"predecessor-version":[{"id":257,"href":"https:\/\/www.gynmt.sk\/index.php?rest_route=\/wp\/v2\/pages\/63\/revisions\/257"}],"wp:attachment":[{"href":"https:\/\/www.gynmt.sk\/index.php?rest_route=%2Fwp%2Fv2%2Fmedia&parent=63"}],"curies":[{"name":"wp","href":"https:\/\/api.w.org\/{rel}","templated":true}]}}