{"id":20,"date":"2020-03-29T12:57:37","date_gmt":"2020-03-29T10:57:37","guid":{"rendered":"https:\/\/www.gynmt.sk\/?page_id=20"},"modified":"2022-05-26T10:47:53","modified_gmt":"2022-05-26T08:47:53","slug":"sluzby","status":"publish","type":"page","link":"https:\/\/www.gynmt.sk\/?page_id=20","title":{"rendered":"Slu\u017eby"},"content":{"rendered":"\n<p class=\"has-medium-font-size\">na na\u0161ej ambulancii pon\u00fakame nasleduj\u00face slu\u017eby<\/p>\n\n\n\n<ul class=\"wp-block-list\"><li>V\u0161etky druhy gynekologick\u00fdch vy\u0161etren\u00ed <\/li><li>Vy\u0161etrenie ultrazvukom<\/li><li>Kolposkopia<\/li><li>Vy\u0161etrenia na vlastn\u00fa \u017eiados\u0165<\/li><li>Zav\u00e1dzanie IUD (vn\u00fatromaternicov\u00fdch teliesok)<\/li><li>Prenat\u00e1lna starostlivos\u0165 o tehotn\u00e9 \u017eeny<\/li><li>Porad\u0148a pre \u017eeny v klimakt\u00e9riu<\/li><li>Komplexn\u00e1 prevent\u00edvna a lie\u010debn\u00e1 gynekologick\u00e1 starostlivos\u0165 <\/li><li><span class=\"has-inline-color has-vivid-green-cyan-color\">Nov\u00e9: Morfologick\u00e9 vy\u0161etrenie v cene 65\u20ac vr\u00e1tane DPH<\/span><\/li><li><span class=\"has-inline-color has-vivid-green-cyan-color\">Nov\u00e9: NT vy\u0161etrenie priamo v na\u0161ej ambulancii v cene 35\u20ac vr\u00e1tane DPH<\/span><\/li><\/ul>\n\n\n\n<p class=\"has-vivid-cyan-blue-color has-text-color\">prevent\u00edvna prehliadka, diagnostika a lie\u010dba z\u00e1palov, v\u00fdtokov a bolesti,  por\u00fach men\u0161trua\u010dn\u00e9ho cyklu, antikoncep\u010dn\u00e1 porad\u0148a, porad\u0148a pre sterilitu a pl\u00e1novan\u00e9 rodi\u010dovstvo, o\u010dkovanie proti HPV<\/p>\n","protected":false},"excerpt":{"rendered":"<p>na na\u0161ej ambulancii pon\u00fakame nasleduj\u00face slu\u017eby V\u0161etky druhy gynekologick\u00fdch vy\u0161etren\u00ed Vy\u0161etrenie ultrazvukom Kolposkopia Vy\u0161etrenia na vlastn\u00fa \u017eiados\u0165 Zav\u00e1dzanie IUD (vn\u00fatromaternicov\u00fdch teliesok) Prenat\u00e1lna starostlivos\u0165 o tehotn\u00e9 \u017eeny Porad\u0148a pre \u017eeny v klimakt\u00e9riu Komplexn\u00e1 prevent\u00edvna a lie\u010debn\u00e1 gynekologick\u00e1 starostlivos\u0165 Nov\u00e9: Morfologick\u00e9 vy\u0161etrenie v cene 65\u20ac vr\u00e1tane DPH Nov\u00e9: NT vy\u0161etrenie priamo v na\u0161ej ambulancii v cene 35\u20ac [&hellip;]<\/p>\n","protected":false},"author":1,"featured_media":0,"parent":0,"menu_order":0,"comment_status":"closed","ping_status":"closed","template":"","meta":{"_monsterinsights_skip_tracking":false,"_monsterinsights_sitenote_active":false,"_monsterinsights_sitenote_note":"","_monsterinsights_sitenote_category":0,"footnotes":""},"class_list":["post-20","page","type-page","status-publish","hentry"],"yoast_head":"<!-- This site is optimized with the Yoast SEO plugin v22.1 - https:\/\/yoast.com\/wordpress\/plugins\/seo\/ -->\n<title>Slu\u017eby - Gynekologick\u00e1 ambulancia MUDr. T\u00f6k\u00f6lyovej<\/title>\n<meta name=\"robots\" content=\"index, follow, max-snippet:-1, max-image-preview:large, max-video-preview:-1\" \/>\n<link rel=\"canonical\" href=\"https:\/\/www.gynmt.sk\/?page_id=20\" \/>\n<meta property=\"og:locale\" content=\"sk_SK\" \/>\n<meta property=\"og:type\" content=\"article\" \/>\n<meta property=\"og:title\" content=\"Slu\u017eby - Gynekologick\u00e1 ambulancia MUDr. T\u00f6k\u00f6lyovej\" \/>\n<meta property=\"og:description\" content=\"na na\u0161ej ambulancii pon\u00fakame nasleduj\u00face slu\u017eby V\u0161etky druhy gynekologick\u00fdch vy\u0161etren\u00ed Vy\u0161etrenie ultrazvukom Kolposkopia Vy\u0161etrenia na vlastn\u00fa \u017eiados\u0165 Zav\u00e1dzanie IUD (vn\u00fatromaternicov\u00fdch teliesok) Prenat\u00e1lna starostlivos\u0165 o tehotn\u00e9 \u017eeny Porad\u0148a pre \u017eeny v klimakt\u00e9riu Komplexn\u00e1 prevent\u00edvna a lie\u010debn\u00e1 gynekologick\u00e1 starostlivos\u0165 Nov\u00e9: Morfologick\u00e9 vy\u0161etrenie v cene 65\u20ac vr\u00e1tane DPH Nov\u00e9: NT vy\u0161etrenie priamo v na\u0161ej ambulancii v cene 35\u20ac [&hellip;]\" \/>\n<meta property=\"og:url\" content=\"https:\/\/www.gynmt.sk\/?page_id=20\" \/>\n<meta property=\"og:site_name\" content=\"Gynekologick\u00e1 ambulancia MUDr. T\u00f6k\u00f6lyovej\" \/>\n<meta property=\"article:modified_time\" content=\"2022-05-26T08:47:53+00:00\" \/>\n<meta name=\"twitter:card\" content=\"summary_large_image\" \/>\n<meta name=\"twitter:label1\" content=\"Predpokladan\u00fd \u010das \u010d\u00edtania\" \/>\n\t<meta name=\"twitter:data1\" content=\"1 min\u00fata\" \/>\n<script type=\"application\/ld+json\" class=\"yoast-schema-graph\">{\"@context\":\"https:\/\/schema.org\",\"@graph\":[{\"@type\":\"WebPage\",\"@id\":\"https:\/\/www.gynmt.sk\/?page_id=20\",\"url\":\"https:\/\/www.gynmt.sk\/?page_id=20\",\"name\":\"Slu\u017eby - Gynekologick\u00e1 ambulancia MUDr. T\u00f6k\u00f6lyovej\",\"isPartOf\":{\"@id\":\"https:\/\/www.gynmt.sk\/#website\"},\"datePublished\":\"2020-03-29T10:57:37+00:00\",\"dateModified\":\"2022-05-26T08:47:53+00:00\",\"breadcrumb\":{\"@id\":\"https:\/\/www.gynmt.sk\/?page_id=20#breadcrumb\"},\"inLanguage\":\"sk-SK\",\"potentialAction\":[{\"@type\":\"ReadAction\",\"target\":[\"https:\/\/www.gynmt.sk\/?page_id=20\"]}]},{\"@type\":\"BreadcrumbList\",\"@id\":\"https:\/\/www.gynmt.sk\/?page_id=20#breadcrumb\",\"itemListElement\":[{\"@type\":\"ListItem\",\"position\":1,\"name\":\"Home\",\"item\":\"https:\/\/www.gynmt.sk\/\"},{\"@type\":\"ListItem\",\"position\":2,\"name\":\"Slu\u017eby\"}]},{\"@type\":\"WebSite\",\"@id\":\"https:\/\/www.gynmt.sk\/#website\",\"url\":\"https:\/\/www.gynmt.sk\/\",\"name\":\"Gynekologick\u00e1 ambulancia MUDr. T\u00f6k\u00f6lyovej\",\"description\":\"GYN MT s.r.o.\",\"potentialAction\":[{\"@type\":\"SearchAction\",\"target\":{\"@type\":\"EntryPoint\",\"urlTemplate\":\"https:\/\/www.gynmt.sk\/?s={search_term_string}\"},\"query-input\":\"required name=search_term_string\"}],\"inLanguage\":\"sk-SK\"}]}<\/script>\n<!-- \/ Yoast SEO plugin. -->","yoast_head_json":{"title":"Slu\u017eby - Gynekologick\u00e1 ambulancia MUDr. T\u00f6k\u00f6lyovej","robots":{"index":"index","follow":"follow","max-snippet":"max-snippet:-1","max-image-preview":"max-image-preview:large","max-video-preview":"max-video-preview:-1"},"canonical":"https:\/\/www.gynmt.sk\/?page_id=20","og_locale":"sk_SK","og_type":"article","og_title":"Slu\u017eby - Gynekologick\u00e1 ambulancia MUDr. T\u00f6k\u00f6lyovej","og_description":"na na\u0161ej ambulancii pon\u00fakame nasleduj\u00face slu\u017eby V\u0161etky druhy gynekologick\u00fdch vy\u0161etren\u00ed Vy\u0161etrenie ultrazvukom Kolposkopia Vy\u0161etrenia na vlastn\u00fa \u017eiados\u0165 Zav\u00e1dzanie IUD (vn\u00fatromaternicov\u00fdch teliesok) Prenat\u00e1lna starostlivos\u0165 o tehotn\u00e9 \u017eeny Porad\u0148a pre \u017eeny v klimakt\u00e9riu Komplexn\u00e1 prevent\u00edvna a lie\u010debn\u00e1 gynekologick\u00e1 starostlivos\u0165 Nov\u00e9: Morfologick\u00e9 vy\u0161etrenie v cene 65\u20ac vr\u00e1tane DPH Nov\u00e9: NT vy\u0161etrenie priamo v na\u0161ej ambulancii v cene 35\u20ac [&hellip;]","og_url":"https:\/\/www.gynmt.sk\/?page_id=20","og_site_name":"Gynekologick\u00e1 ambulancia MUDr. T\u00f6k\u00f6lyovej","article_modified_time":"2022-05-26T08:47:53+00:00","twitter_card":"summary_large_image","twitter_misc":{"Predpokladan\u00fd \u010das \u010d\u00edtania":"1 min\u00fata"},"schema":{"@context":"https:\/\/schema.org","@graph":[{"@type":"WebPage","@id":"https:\/\/www.gynmt.sk\/?page_id=20","url":"https:\/\/www.gynmt.sk\/?page_id=20","name":"Slu\u017eby - Gynekologick\u00e1 ambulancia MUDr. T\u00f6k\u00f6lyovej","isPartOf":{"@id":"https:\/\/www.gynmt.sk\/#website"},"datePublished":"2020-03-29T10:57:37+00:00","dateModified":"2022-05-26T08:47:53+00:00","breadcrumb":{"@id":"https:\/\/www.gynmt.sk\/?page_id=20#breadcrumb"},"inLanguage":"sk-SK","potentialAction":[{"@type":"ReadAction","target":["https:\/\/www.gynmt.sk\/?page_id=20"]}]},{"@type":"BreadcrumbList","@id":"https:\/\/www.gynmt.sk\/?page_id=20#breadcrumb","itemListElement":[{"@type":"ListItem","position":1,"name":"Home","item":"https:\/\/www.gynmt.sk\/"},{"@type":"ListItem","position":2,"name":"Slu\u017eby"}]},{"@type":"WebSite","@id":"https:\/\/www.gynmt.sk\/#website","url":"https:\/\/www.gynmt.sk\/","name":"Gynekologick\u00e1 ambulancia MUDr. T\u00f6k\u00f6lyovej","description":"GYN MT s.r.o.","potentialAction":[{"@type":"SearchAction","target":{"@type":"EntryPoint","urlTemplate":"https:\/\/www.gynmt.sk\/?s={search_term_string}"},"query-input":"required name=search_term_string"}],"inLanguage":"sk-SK"}]}},"_links":{"self":[{"href":"https:\/\/www.gynmt.sk\/index.php?rest_route=\/wp\/v2\/pages\/20","targetHints":{"allow":["GET"]}}],"collection":[{"href":"https:\/\/www.gynmt.sk\/index.php?rest_route=\/wp\/v2\/pages"}],"about":[{"href":"https:\/\/www.gynmt.sk\/index.php?rest_route=\/wp\/v2\/types\/page"}],"author":[{"embeddable":true,"href":"https:\/\/www.gynmt.sk\/index.php?rest_route=\/wp\/v2\/users\/1"}],"replies":[{"embeddable":true,"href":"https:\/\/www.gynmt.sk\/index.php?rest_route=%2Fwp%2Fv2%2Fcomments&post=20"}],"version-history":[{"count":5,"href":"https:\/\/www.gynmt.sk\/index.php?rest_route=\/wp\/v2\/pages\/20\/revisions"}],"predecessor-version":[{"id":130,"href":"https:\/\/www.gynmt.sk\/index.php?rest_route=\/wp\/v2\/pages\/20\/revisions\/130"}],"wp:attachment":[{"href":"https:\/\/www.gynmt.sk\/index.php?rest_route=%2Fwp%2Fv2%2Fmedia&parent=20"}],"curies":[{"name":"wp","href":"https:\/\/api.w.org\/{rel}","templated":true}]}}