{"id":148,"date":"2022-10-25T10:29:19","date_gmt":"2022-10-25T08:29:19","guid":{"rendered":"https:\/\/www.gynmt.sk\/?page_id=148"},"modified":"2025-07-03T10:15:45","modified_gmt":"2025-07-03T08:15:45","slug":"cennik","status":"publish","type":"page","link":"https:\/\/www.gynmt.sk\/?page_id=148","title":{"rendered":"Cenn\u00edk"},"content":{"rendered":"\n<p class=\"has-text-align-left\">zdravotn\u00fdch v\u00fdkonov platn\u00fd a \u00fa\u010dinn\u00fd od 1.7.2025<\/p>\n\n\n\n<p class=\"has-text-align-center\"><strong>GYN MT s.r.o., Robotn\u00edcka \u010d. 1, 831 03, Bratislava<\/strong><\/p>\n\n\n\n<p class=\"has-text-align-center\"><strong>k\u00f3d PZS: P21648009201<\/strong><\/p>\n\n\n\n<p class=\"has-text-align-center\"><strong>Ne\u0161t\u00e1tna Gynekologicko-p\u00f4rodn\u00edcka ambulancia<\/strong><\/p>\n\n\n\n<figure class=\"wp-block-table is-style-stripes\"><table><tbody><tr><td>Prevent\u00edvna prehliadka hraden\u00e1 pois\u0165ov\u0148ou:<br>(konven\u010dn\u00e1 onkocytol\u00f3gia, 1x ro\u010dne USG malej panvy, kolposkopick\u00e9 vy\u0161etrenie)<\/td><td>0\u20ac<\/td><\/tr><tr><td>Odber LBC: (Liquid-Based Cytology) v\u00fdkon nehraden\u00fd zdravotnou pois\u0165ov\u0148ou okrem pois\u0165ovne UNION<\/td><td>30,00\u20ac<\/td><\/tr><tr><td>Odber HPV v\u00fdkon nehraden\u00fd zdravotnou pois\u0165ov\u0148ou<\/td><td>70,00\u20ac<\/td><\/tr><tr><td>Mikrobiologick\u00e9 vy\u0161etrenie &#8211; v\u00fdter: <br>kultiv\u00e1cia + citlivos\u0165 (opakovan\u00fd ster)<\/td><td>15,00\u20ac<\/td><\/tr><tr><td>V\u00fdter: chlam\u00fddie, mycoplazmi a ureoplazmi na vlastn\u00fa \u017eiados\u0165:<\/td><td>30,00\u20ac<\/td><\/tr><tr><td><strong><span style=\"text-decoration: underline;\"><mark style=\"background-color:rgba(0, 0, 0, 0)\" class=\"has-inline-color has-luminous-vivid-orange-color\">Serologick\u00e9 vy\u0161etrenia &#8211; Bal\u00ed\u010dky:<\/mark><\/span><\/strong><\/td><td><\/td><\/tr><tr><td><mark style=\"background-color:rgba(0, 0, 0, 0)\" class=\"has-inline-color has-luminous-vivid-orange-color\">Bal\u00ed\u010dek: HIV a syfilis (okrem tehotn\u00fdch)<\/mark>     <\/td><td><mark style=\"background-color:rgba(0, 0, 0, 0)\" class=\"has-inline-color has-luminous-vivid-orange-color\">21,00\u20ac<\/mark><\/td><\/tr><tr><td><mark style=\"background-color:rgba(0, 0, 0, 0)\" class=\"has-inline-color has-luminous-vivid-orange-color\">Bal\u00ed\u010dek: HIV, syfilis, hepatit\u00edda B a C     <\/mark><\/td><td><mark style=\"background-color:rgba(0, 0, 0, 0)\" class=\"has-inline-color has-luminous-vivid-orange-color\">37,00\u20ac<\/mark><\/td><\/tr><tr><td><strong>Ostatn\u00e9<\/strong><\/td><td><br>40,00\u20ac<\/td><\/tr><tr><td>Hormon\u00e1lny profil na vlastn\u00fa \u017eiados\u0165:<\/td><td>40,00\u20ac<\/td><\/tr><tr><td>O\u010dkovanie na vlastn\u00fa \u017eiados\u0165:<\/td><td>10,00\u20ac<\/td><\/tr><tr><td>Odber HCG na vlastn\u00fa \u017eiados\u0165:<\/td><td>10,00\u20ac<\/td><\/tr><tr><td>Odber krvi: ROMA, CA125 a CA na vlastn\u00fa \u017eiados\u0165:<\/td><td>42,00\u20ac<\/td><\/tr><tr><td>UZV vy\u0161etrenie na vlastn\u00fa \u017eiados\u0165 &#8211; folikulometria:<\/td><td>15,00\u20ac<\/td><\/tr><tr><td>UZV malej panvy vy\u0161etrenie na vlastn\u00fa \u017eiados\u0165:<\/td><td>15,00\u20ac<\/td><\/tr><tr><td>Zavedenie intrauter\u00e1lneho telieska IUD: v r\u00e1mci tohto poplatku je zahrnut\u00e9 aj odstr\u00e1nenie intrauter\u00e1lneho telieska IUD<\/td><td>200,00\u20ac<\/td><\/tr><tr><td>Ukon\u010denie kapit\u00e1cie pred uplynut\u00edm 6 &#8211; mesa\u010dn\u00e9ho z\u00e1konn\u00e9ho limitu <br>Doplatok za vy\u0161etrenie pacientky mimo ordina\u010dn\u00fdch hod\u00edn &#8211; Pracovn\u00e9 dni<\/td><td>30,00\u20ac<\/td><\/tr><tr><td><strong><span style=\"text-decoration: underline;\">TEHOTN\u00c9<\/span><\/strong><\/td><td><\/td><\/tr><tr><td>Mana\u017ement gravidnej \u017eeny<br>&#8211; v r\u00e1mci toho je zahrnut\u00e9 USG vy\u0161etrenie na ka\u017edej poradni, okrem NT a morfol\u00f3gie, OGTT test        <\/td><td>80,00\u20ac<\/td><\/tr><tr><td>Ultrazvukov\u00e9 vy\u0161etrenie (NT) prvotrimestr\u00e1lny skr\u00edning vr\u00e1tane (11+0 a\u017e 13+6)<\/td><td>35,00\u20ac<\/td><\/tr><tr><td>Morfologick\u00e9 vy\u0161etrenie v 21-t\u00fd\u017edni<\/td><td>65,00\u20ac<\/td><\/tr><tr><td>Opakovan\u00e9 vystavenie tehotensk\u00e9ho preukazu (pri strate)<\/td><td>10,00\u20ac<\/td><\/tr><tr><td>Nahr\u00e1vanie ultrazvukov\u00e9ho vy\u0161etrenia die\u0165a\u0165a na USB k\u013e\u00fa\u010d (USB si prinesie pacientka)<\/td><td>5,00\u20ac<\/td><\/tr><tr><td><mark style=\"background-color:rgba(0, 0, 0, 0)\" class=\"has-inline-color has-luminous-vivid-orange-color\"><strong>KAPITOVANIE<\/strong> &#8211; Uzatvorenie zmluvy o ZS s pacientkou mimo raj\u00f3n ur\u010den\u00fd V\u00daC <br>&#8211; jednorazov\u00fd poplatok   <\/mark><mark style=\"background-color:rgba(0, 0, 0, 0)\" class=\"has-inline-color has-vivid-red-color\">    <\/mark>       <\/td><td><mark style=\"background-color:rgba(0, 0, 0, 0)\" class=\"has-inline-color has-luminous-vivid-orange-color\">40,00\u20ac<\/mark><\/td><\/tr><tr><td><strong>NEKAPITOVAN\u00c9 pacientky<\/strong><br>&#8211; Pacientky bez uzatvorenej zmluvy \/ Podpisu: Dohody o zdravotnej starostlivosti resp. pre nezazmluvnen\u00e9 pacientky<br>&#8211; Pacientky s pois\u0165ov\u0148ou: <strong>7700<\/strong> = Verejn\u00e9 a komer\u010dn\u00e9 zdravotn\u00e9 poistenie pre cudzincov <strong>UNION<\/strong><\/td><td><\/td><\/tr><tr><td>Komplexn\u00e1 Prevent\u00edvna gynekologick\u00e1 prehliadka pre nezazmluvnen\u00e9 pacientky <br>V tejto cene je zahrnut\u00e9:<br>odber HPV, LBC, mikrobiologick\u00fd odber na kultiv\u00e1cie z po\u0161vy, <br>Kolposkopick\u00e9 vy\u0161etrenie, palpa\u010dn\u00e9 vy\u0161etrenie,<br>UZV malej panvy<br>+ odobrat\u00e9 vzorky pod\u013ea cenn\u00edka z laborat\u00f3ria          <\/td><td>160,00\u20ac<\/td><\/tr><tr><td>Odber krvi zo \u017eily &#8211; v\u00fdkon<\/td><td>5,00\u20ac<\/td><\/tr><tr><td>cena za sk\u00famavku<br>K tejto cene sa prir\u00e1ta cena za dan\u00fd vy\u0161etrovac\u00ed parameter pod\u013ea aktu\u00e1lneho cenn\u00edka <\/td><td>0,50\u20ac<\/td><\/tr><tr><td>Mikrobiologick\u00e9 vy\u0161etrenie pre nezazmluvnen\u00e9 pacientky &#8211; v\u00fdkon<\/td><td>5,00\u20ac<\/td><\/tr><tr><td>cena za jednu sk\u00famavku<br>K tejto cene sa prir\u00e1ta cena za dan\u00fd vy\u0161etrovac\u00ed parameter pod\u013ea aktu\u00e1lneho cenn\u00edka<\/td><td>1,00\u20ac<\/td><\/tr><tr><td>Jednorazov\u00e9 vy\u0161etrenie v tehotenskej poradni pre nezazmluvnen\u00e9 pacientky v na\u0161ej ambulancii<\/td><td>30,00\u20ac<\/td><\/tr><tr><td>Z\u00e1kladn\u00e9 vy\u0161etrenie tehotnej pre nezazmluvnen\u00e9 pacientky v na\u0161ej ambulancii <br>(vy\u0161etrenie v zrkadl\u00e1ch a palpa\u010dn\u00e9 vy\u0161etrenie)<\/td><td>20,00\u20ac<\/td><\/tr><tr><td>Ultrazvukov\u00e9 vy\u0161etrenie v r\u00e1mci prvotrimestr\u00e1lneho skr\u00edningu (NT)<br>pre tehotn\u00e9 nezazmluvnen\u00e9 pacientky<\/td><td>65,00\u20ac<\/td><\/tr><tr><td>Ultrazvukov\u00e9 vy\u0161etrenie u nezazmluvnenej tehotnej pacientky (morfol\u00f3gia)<\/td><td>125,00\u20ac<\/td><\/tr><tr><td>Ultrazvukov\u00e9 vy\u0161etrenie pre nezazmluvnen\u00e9 pacientky v na\u0161ej <br>Ambulancii a tzv. prietokov (19.-23. t\u00fd\u017ede\u0148 gravidity, <br>doporu\u010den\u00e9 t\u00fd\u017edne gravidity, stanovenie pohlavia a ultrazvukov\u00e1 cervikometria je s\u00fa\u010das\u0165ou vy\u0161etrenia)    <\/td><td>40,00\u20ac<\/td><\/tr><\/tbody><\/table><\/figure>\n\n\n\n<p><\/p>\n","protected":false},"excerpt":{"rendered":"<p>zdravotn\u00fdch v\u00fdkonov platn\u00fd a \u00fa\u010dinn\u00fd od 1.7.2025 GYN MT s.r.o., Robotn\u00edcka \u010d. 1, 831 03, Bratislava k\u00f3d PZS: P21648009201 Ne\u0161t\u00e1tna Gynekologicko-p\u00f4rodn\u00edcka ambulancia Prevent\u00edvna prehliadka hraden\u00e1 pois\u0165ov\u0148ou:(konven\u010dn\u00e1 onkocytol\u00f3gia, 1x ro\u010dne USG malej panvy, kolposkopick\u00e9 vy\u0161etrenie) 0\u20ac Odber LBC: (Liquid-Based Cytology) v\u00fdkon nehraden\u00fd zdravotnou pois\u0165ov\u0148ou okrem pois\u0165ovne UNION 30,00\u20ac Odber HPV v\u00fdkon nehraden\u00fd zdravotnou pois\u0165ov\u0148ou 70,00\u20ac Mikrobiologick\u00e9 [&hellip;]<\/p>\n","protected":false},"author":1,"featured_media":0,"parent":0,"menu_order":0,"comment_status":"closed","ping_status":"closed","template":"","meta":{"_monsterinsights_skip_tracking":false,"_monsterinsights_sitenote_active":false,"_monsterinsights_sitenote_note":"","_monsterinsights_sitenote_category":0,"footnotes":""},"class_list":["post-148","page","type-page","status-publish","hentry"],"yoast_head":"<!-- This site is optimized with the Yoast SEO plugin v22.1 - https:\/\/yoast.com\/wordpress\/plugins\/seo\/ -->\n<title>Cenn\u00edk - Gynekologick\u00e1 ambulancia MUDr. T\u00f6k\u00f6lyovej<\/title>\n<meta name=\"robots\" content=\"index, follow, max-snippet:-1, max-image-preview:large, max-video-preview:-1\" \/>\n<link rel=\"canonical\" href=\"https:\/\/www.gynmt.sk\/?page_id=148\" \/>\n<meta property=\"og:locale\" content=\"sk_SK\" \/>\n<meta property=\"og:type\" content=\"article\" \/>\n<meta property=\"og:title\" content=\"Cenn\u00edk - Gynekologick\u00e1 ambulancia MUDr. T\u00f6k\u00f6lyovej\" \/>\n<meta property=\"og:description\" content=\"zdravotn\u00fdch v\u00fdkonov platn\u00fd a \u00fa\u010dinn\u00fd od 1.7.2025 GYN MT s.r.o., Robotn\u00edcka \u010d. 1, 831 03, Bratislava k\u00f3d PZS: P21648009201 Ne\u0161t\u00e1tna Gynekologicko-p\u00f4rodn\u00edcka ambulancia Prevent\u00edvna prehliadka hraden\u00e1 pois\u0165ov\u0148ou:(konven\u010dn\u00e1 onkocytol\u00f3gia, 1x ro\u010dne USG malej panvy, kolposkopick\u00e9 vy\u0161etrenie) 0\u20ac Odber LBC: (Liquid-Based Cytology) v\u00fdkon nehraden\u00fd zdravotnou pois\u0165ov\u0148ou okrem pois\u0165ovne UNION 30,00\u20ac Odber HPV v\u00fdkon nehraden\u00fd zdravotnou pois\u0165ov\u0148ou 70,00\u20ac Mikrobiologick\u00e9 [&hellip;]\" \/>\n<meta property=\"og:url\" content=\"https:\/\/www.gynmt.sk\/?page_id=148\" \/>\n<meta property=\"og:site_name\" content=\"Gynekologick\u00e1 ambulancia MUDr. T\u00f6k\u00f6lyovej\" \/>\n<meta property=\"article:modified_time\" content=\"2025-07-03T08:15:45+00:00\" \/>\n<meta name=\"twitter:card\" content=\"summary_large_image\" \/>\n<meta name=\"twitter:label1\" content=\"Predpokladan\u00fd \u010das \u010d\u00edtania\" \/>\n\t<meta name=\"twitter:data1\" content=\"3 min\u00faty\" \/>\n<script type=\"application\/ld+json\" class=\"yoast-schema-graph\">{\"@context\":\"https:\/\/schema.org\",\"@graph\":[{\"@type\":\"WebPage\",\"@id\":\"https:\/\/www.gynmt.sk\/?page_id=148\",\"url\":\"https:\/\/www.gynmt.sk\/?page_id=148\",\"name\":\"Cenn\u00edk - Gynekologick\u00e1 ambulancia MUDr. T\u00f6k\u00f6lyovej\",\"isPartOf\":{\"@id\":\"https:\/\/www.gynmt.sk\/#website\"},\"datePublished\":\"2022-10-25T08:29:19+00:00\",\"dateModified\":\"2025-07-03T08:15:45+00:00\",\"breadcrumb\":{\"@id\":\"https:\/\/www.gynmt.sk\/?page_id=148#breadcrumb\"},\"inLanguage\":\"sk-SK\",\"potentialAction\":[{\"@type\":\"ReadAction\",\"target\":[\"https:\/\/www.gynmt.sk\/?page_id=148\"]}]},{\"@type\":\"BreadcrumbList\",\"@id\":\"https:\/\/www.gynmt.sk\/?page_id=148#breadcrumb\",\"itemListElement\":[{\"@type\":\"ListItem\",\"position\":1,\"name\":\"Home\",\"item\":\"https:\/\/www.gynmt.sk\/\"},{\"@type\":\"ListItem\",\"position\":2,\"name\":\"Cenn\u00edk\"}]},{\"@type\":\"WebSite\",\"@id\":\"https:\/\/www.gynmt.sk\/#website\",\"url\":\"https:\/\/www.gynmt.sk\/\",\"name\":\"Gynekologick\u00e1 ambulancia MUDr. T\u00f6k\u00f6lyovej\",\"description\":\"GYN MT s.r.o.\",\"potentialAction\":[{\"@type\":\"SearchAction\",\"target\":{\"@type\":\"EntryPoint\",\"urlTemplate\":\"https:\/\/www.gynmt.sk\/?s={search_term_string}\"},\"query-input\":\"required name=search_term_string\"}],\"inLanguage\":\"sk-SK\"}]}<\/script>\n<!-- \/ Yoast SEO plugin. -->","yoast_head_json":{"title":"Cenn\u00edk - Gynekologick\u00e1 ambulancia MUDr. T\u00f6k\u00f6lyovej","robots":{"index":"index","follow":"follow","max-snippet":"max-snippet:-1","max-image-preview":"max-image-preview:large","max-video-preview":"max-video-preview:-1"},"canonical":"https:\/\/www.gynmt.sk\/?page_id=148","og_locale":"sk_SK","og_type":"article","og_title":"Cenn\u00edk - Gynekologick\u00e1 ambulancia MUDr. T\u00f6k\u00f6lyovej","og_description":"zdravotn\u00fdch v\u00fdkonov platn\u00fd a \u00fa\u010dinn\u00fd od 1.7.2025 GYN MT s.r.o., Robotn\u00edcka \u010d. 1, 831 03, Bratislava k\u00f3d PZS: P21648009201 Ne\u0161t\u00e1tna Gynekologicko-p\u00f4rodn\u00edcka ambulancia Prevent\u00edvna prehliadka hraden\u00e1 pois\u0165ov\u0148ou:(konven\u010dn\u00e1 onkocytol\u00f3gia, 1x ro\u010dne USG malej panvy, kolposkopick\u00e9 vy\u0161etrenie) 0\u20ac Odber LBC: (Liquid-Based Cytology) v\u00fdkon nehraden\u00fd zdravotnou pois\u0165ov\u0148ou okrem pois\u0165ovne UNION 30,00\u20ac Odber HPV v\u00fdkon nehraden\u00fd zdravotnou pois\u0165ov\u0148ou 70,00\u20ac Mikrobiologick\u00e9 [&hellip;]","og_url":"https:\/\/www.gynmt.sk\/?page_id=148","og_site_name":"Gynekologick\u00e1 ambulancia MUDr. T\u00f6k\u00f6lyovej","article_modified_time":"2025-07-03T08:15:45+00:00","twitter_card":"summary_large_image","twitter_misc":{"Predpokladan\u00fd \u010das \u010d\u00edtania":"3 min\u00faty"},"schema":{"@context":"https:\/\/schema.org","@graph":[{"@type":"WebPage","@id":"https:\/\/www.gynmt.sk\/?page_id=148","url":"https:\/\/www.gynmt.sk\/?page_id=148","name":"Cenn\u00edk - Gynekologick\u00e1 ambulancia MUDr. T\u00f6k\u00f6lyovej","isPartOf":{"@id":"https:\/\/www.gynmt.sk\/#website"},"datePublished":"2022-10-25T08:29:19+00:00","dateModified":"2025-07-03T08:15:45+00:00","breadcrumb":{"@id":"https:\/\/www.gynmt.sk\/?page_id=148#breadcrumb"},"inLanguage":"sk-SK","potentialAction":[{"@type":"ReadAction","target":["https:\/\/www.gynmt.sk\/?page_id=148"]}]},{"@type":"BreadcrumbList","@id":"https:\/\/www.gynmt.sk\/?page_id=148#breadcrumb","itemListElement":[{"@type":"ListItem","position":1,"name":"Home","item":"https:\/\/www.gynmt.sk\/"},{"@type":"ListItem","position":2,"name":"Cenn\u00edk"}]},{"@type":"WebSite","@id":"https:\/\/www.gynmt.sk\/#website","url":"https:\/\/www.gynmt.sk\/","name":"Gynekologick\u00e1 ambulancia MUDr. T\u00f6k\u00f6lyovej","description":"GYN MT s.r.o.","potentialAction":[{"@type":"SearchAction","target":{"@type":"EntryPoint","urlTemplate":"https:\/\/www.gynmt.sk\/?s={search_term_string}"},"query-input":"required name=search_term_string"}],"inLanguage":"sk-SK"}]}},"_links":{"self":[{"href":"https:\/\/www.gynmt.sk\/index.php?rest_route=\/wp\/v2\/pages\/148","targetHints":{"allow":["GET"]}}],"collection":[{"href":"https:\/\/www.gynmt.sk\/index.php?rest_route=\/wp\/v2\/pages"}],"about":[{"href":"https:\/\/www.gynmt.sk\/index.php?rest_route=\/wp\/v2\/types\/page"}],"author":[{"embeddable":true,"href":"https:\/\/www.gynmt.sk\/index.php?rest_route=\/wp\/v2\/users\/1"}],"replies":[{"embeddable":true,"href":"https:\/\/www.gynmt.sk\/index.php?rest_route=%2Fwp%2Fv2%2Fcomments&post=148"}],"version-history":[{"count":6,"href":"https:\/\/www.gynmt.sk\/index.php?rest_route=\/wp\/v2\/pages\/148\/revisions"}],"predecessor-version":[{"id":246,"href":"https:\/\/www.gynmt.sk\/index.php?rest_route=\/wp\/v2\/pages\/148\/revisions\/246"}],"wp:attachment":[{"href":"https:\/\/www.gynmt.sk\/index.php?rest_route=%2Fwp%2Fv2%2Fmedia&parent=148"}],"curies":[{"name":"wp","href":"https:\/\/api.w.org\/{rel}","templated":true}]}}